{"id":800,"date":"2014-04-14T08:32:11","date_gmt":"2014-04-14T06:32:11","guid":{"rendered":"http:\/\/www.royals-baseball.de\/?page_id=800"},"modified":"2021-07-06T21:38:57","modified_gmt":"2021-07-06T19:38:57","slug":"we-want-you","status":"publish","type":"page","link":"http:\/\/www.royals-baseball.de\/?page_id=800","title":{"rendered":"We want You!"},"content":{"rendered":"<p>Spiele jetzt bei den Royals!<\/p>\n<p>Zur Verst\u00e4rkung unserer Herren-, und Jugendmannschaft suchen wir interessierte und motivierte Mitspieler!<\/p>\n<p>Den Royals steht f\u00fcr Trainings und Liga-Spiele sowohl ein Sch\u00fcler-\/Jugendfeld, als auch ein Baseballfeld zur Verf\u00fcgung. Beide Felder sind gem\u00e4\u00df der Ligastandards voll ausgebaut!<\/p>\n<p><img loading=\"lazy\" class=\"alignnone size-full wp-image-810\" src=\"http:\/\/www.royals-baseball.de\/wp-content\/uploads\/2014\/04\/Spielfelder.jpg\" alt=\"Spielfelder\" width=\"249\" height=\"202\" \/><\/p>\n<p><b>Aktuelle Trainingszeiten findest Du rechts &gt;&gt;<\/b><\/p>\n<p>Trainingsmaterial (Gloves und Bats) stehen zur Verf\u00fcgung!<\/p>\n<p>Anmeldung zum Training \u00fcber Andr\u00e9 Wicklein<br \/>\n<a href=\"http:\/\/www.royals-baseball.de\/?page_id=57\">&gt;&gt;Hier&lt;&lt;<\/a><\/p>\n","protected":false},"excerpt":{"rendered":"<p>Spiele jetzt bei den Royals! Zur Verst\u00e4rkung unserer Herren-, und Jugendmannschaft suchen wir interessierte und&#8230;<\/p>\n","protected":false},"author":1,"featured_media":0,"parent":0,"menu_order":0,"comment_status":"closed","ping_status":"closed","template":"","meta":{"_mi_skip_tracking":false},"_links":{"self":[{"href":"http:\/\/www.royals-baseball.de\/index.php?rest_route=\/wp\/v2\/pages\/800"}],"collection":[{"href":"http:\/\/www.royals-baseball.de\/index.php?rest_route=\/wp\/v2\/pages"}],"about":[{"href":"http:\/\/www.royals-baseball.de\/index.php?rest_route=\/wp\/v2\/types\/page"}],"author":[{"embeddable":true,"href":"http:\/\/www.royals-baseball.de\/index.php?rest_route=\/wp\/v2\/users\/1"}],"replies":[{"embeddable":true,"href":"http:\/\/www.royals-baseball.de\/index.php?rest_route=%2Fwp%2Fv2%2Fcomments&post=800"}],"version-history":[{"count":13,"href":"http:\/\/www.royals-baseball.de\/index.php?rest_route=\/wp\/v2\/pages\/800\/revisions"}],"predecessor-version":[{"id":2806,"href":"http:\/\/www.royals-baseball.de\/index.php?rest_route=\/wp\/v2\/pages\/800\/revisions\/2806"}],"wp:attachment":[{"href":"http:\/\/www.royals-baseball.de\/index.php?rest_route=%2Fwp%2Fv2%2Fmedia&parent=800"}],"curies":[{"name":"wp","href":"https:\/\/api.w.org\/{rel}","templated":true}]}}