{"id":2120,"date":"2019-02-20T19:47:03","date_gmt":"2019-02-20T17:47:03","guid":{"rendered":"http:\/\/www.royals-baseball.de\/?page_id=2120"},"modified":"2019-02-20T19:47:03","modified_gmt":"2019-02-20T17:47:03","slug":"datenschutzerklaerung","status":"publish","type":"page","link":"http:\/\/www.royals-baseball.de\/?page_id=2120","title":{"rendered":"Datenschutzerkl\u00e4rung"},"content":{"rendered":"\n<p><strong>Datenschutz<\/strong><\/p>\n\n\n\n<p>Die Nutzung unserer Webseite ist in der Regel ohne Angabe \npersonenbezogener Daten m\u00f6glich. Soweit auf unseren Seiten \npersonenbezogene Daten (beispielsweise Name, Anschrift oder \neMail-Adressen) erhoben werden, erfolgt dies, soweit m\u00f6glich, stets auf \nfreiwilliger Basis. Diese Daten werden ohne Ihre ausdr\u00fcckliche \nZustimmung nicht an Dritte weitergegeben.<\/p>\n\n\n\n<p>Wir weisen darauf hin, dass die Daten\u00fcbertragung im Internet (z.B. \nbei der Kommunikation per E-Mail) Sicherheitsl\u00fccken aufweisen kann. Ein \nl\u00fcckenloser Schutz der Daten vor dem Zugriff durch Dritte ist nicht \nm\u00f6glich.<\/p>\n\n\n\n<p>Der Nutzung von im Rahmen der Impressumspflicht ver\u00f6ffentlichten \nKontaktdaten durch Dritte zur \u00dcbersendung von nicht ausdr\u00fccklich \nangeforderter Werbung und Informationsmaterialien wird hiermit \nausdr\u00fccklich widersprochen. Die Betreiber der Seiten behalten sich \nausdr\u00fccklich rechtliche Schritte im Falle der unverlangten Zusendung von\n Werbeinformationen, etwa durch Spam-Mails, vor.<\/p>\n\n\n\n<p><strong>Datenschutzerkl\u00e4rung f\u00fcr die Nutzung von Facebook-Plugins (Like-Button)<\/strong><\/p>\n\n\n\n<p>Auf unseren Seiten sind Plugins des sozialen Netzwerks Facebook \n(Facebook Inc., 1601 Willow Road, Menlo Park, California, 94025, USA) \nintegriert. Die Facebook-Plugins erkennen Sie an dem Facebook-Logo oder \ndem \u201eLike-Button\u201c (\u201eGef\u00e4llt mir\u201c) auf unserer Seite. Eine \u00dcbersicht \u00fcber\n die Facebook-Plugins finden Sie hier: <a href=\"http:\/\/developers.facebook.com\/docs\/plugins\/\" target=\"_blank\" rel=\"noreferrer noopener\">http:\/\/developers.facebook.com\/docs\/plugins\/<\/a>.<br>\nWenn Sie unsere Seiten besuchen, wird \u00fcber das Plugin eine direkte \nVerbindung zwischen Ihrem Browser und dem Facebook-Server hergestellt. \nFacebook erh\u00e4lt dadurch die Information, dass Sie mit Ihrer IP-Adresse \nunsere Seite besucht haben. Wenn Sie den Facebook \u201eLike-Button\u201c \nanklicken w\u00e4hrend Sie in Ihrem Facebook-Account eingeloggt sind, k\u00f6nnen \nSie die Inhalte unserer Seiten auf Ihrem Facebook-Profil verlinken. \nDadurch kann Facebook den Besuch unserer Seiten Ihrem Benutzerkonto \nzuordnen. Wir weisen darauf hin, dass wir als Anbieter der Seiten keine \nKenntnis vom Inhalt der \u00fcbermittelten Daten sowie deren Nutzung durch \nFacebook erhalten. Weitere Informationen hierzu finden Sie in der \nDatenschutzerkl\u00e4rung von facebook unter <a href=\"http:\/\/de-de.facebook.com\/policy.php\" target=\"_blank\" rel=\"noreferrer noopener\"> http:\/\/de-de.facebook.com\/policy.php<\/a><\/p>\n\n\n\n<p>Wenn Sie nicht w\u00fcnschen, dass Facebook den Besuch unserer Seiten \nIhrem Facebook-Nutzerkonto zuordnen kann, loggen Sie sich bitte aus \nIhrem Facebook-Benutzerkonto aus.<\/p>\n\n\n\n<p><strong>Datenschutzerkl\u00e4rung f\u00fcr die Nutzung von Google Analytics<\/strong><\/p>\n\n\n\n<p>Diese Website benutzt Google Analytics, einen Webanalysedienst der \nGoogle Inc. (\u201eGoogle\u201c). Google Analytics verwendet sog. \u201eCookies\u201c, \nTextdateien, die auf Ihrem Computer gespeichert werden und die eine \nAnalyse der Benutzung der Website durch Sie erm\u00f6glichen. Die durch den \nCookie erzeugten Informationen \u00fcber Ihre Benutzung dieser Website werden\n in der Regel an einen Server von Google in den USA \u00fcbertragen und dort \ngespeichert. Im Falle der Aktivierung der IP-Anonymisierung auf dieser \nWebseite wird Ihre IP-Adresse von Google jedoch innerhalb von \nMitgliedstaaten der Europ\u00e4ischen Union oder in anderen Vertragsstaaten \ndes Abkommens \u00fcber den Europ\u00e4ischen Wirtschaftsraum zuvor gek\u00fcrzt.<\/p>\n\n\n\n<p>Nur in Ausnahmef\u00e4llen wird die volle IP-Adresse an einen Server von \nGoogle in den USA \u00fcbertragen und dort gek\u00fcrzt. Im Auftrag des Betreibers\n dieser Website wird Google diese Informationen benutzen, um Ihre \nNutzung der Website auszuwerten, um Reports \u00fcber die Websiteaktivit\u00e4ten \nzusammenzustellen und um weitere mit der Websitenutzung und der \nInternetnutzung verbundene Dienstleistungen gegen\u00fcber dem \nWebsitebetreiber zu erbringen. Die im Rahmen von Google Analytics von \nIhrem Browser \u00fcbermittelte IP-Adresse wird nicht mit anderen Daten von \nGoogle zusammengef\u00fchrt.<\/p>\n\n\n\n<p>Sie k\u00f6nnen die Speicherung der Cookies durch eine entsprechende \nEinstellung Ihrer Browser-Software verhindern; wir weisen Sie jedoch \ndarauf hin, dass Sie in diesem Fall gegebenenfalls nicht s\u00e4mtliche \nFunktionen dieser Website vollumf\u00e4nglich werden nutzen k\u00f6nnen. Sie \nk\u00f6nnen dar\u00fcber hinaus die Erfassung der durch das Cookie erzeugten und \nauf Ihre Nutzung der Website bezogenen Daten (inkl. Ihrer IP-Adresse) an\n Google sowie die Verarbeitung dieser Daten durch Google verhindern, \nindem sie das unter dem folgenden Link verf\u00fcgbare Browser-Plugin \nherunterladen und installieren: <a href=\"http:\/\/tools.google.com\/dlpage\/gaoptout?hl=de\">http:\/\/tools.google.com\/dlpage\/gaoptout?hl=de<\/a>.<\/p>\n\n\n\n<p><strong>Datenschutzerkl\u00e4rung f\u00fcr die Nutzung von Google +1<\/strong><\/p>\n\n\n\n<p><em>Erfassung und Weitergabe von Informationen:<\/em><br>\nMithilfe der Google +1-Schaltfl\u00e4che k\u00f6nnen Sie Informationen weltweit \nver\u00f6ffentlichen. \u00dcber die Google&nbsp;+1-Schaltfl\u00e4che erhalten Sie und andere\n Nutzer personalisierte Inhalte von Google und unseren Partnern. Google \nspeichert sowohl die Information, dass Sie f\u00fcr einen Inhalt +1 gegeben \nhaben, als auch Informationen \u00fcber die Seite, die Sie beim Klicken auf \n+1 angesehen haben. Ihre +1 k\u00f6nnen als Hinweise zusammen mit Ihrem \nProfilnamen und Ihrem Foto in Google-Diensten, wie etwa in \nSuchergebnissen oder in Ihrem Google-Profil, oder an anderen Stellen auf\n Websites und Anzeigen im Internet eingeblendet werden.<br>\nGoogle zeichnet Informationen \u00fcber Ihre +1-Aktivit\u00e4ten auf, um die \nGoogle-Dienste f\u00fcr Sie und andere zu verbessern. Um die \nGoogle&nbsp;+1-Schaltfl\u00e4che verwenden zu k\u00f6nnen, ben\u00f6tigen Sie ein weltweit \nsichtbares, \u00f6ffentliches Google-Profil, das zumindest den f\u00fcr das Profil\n gew\u00e4hlten Namen enthalten muss. Dieser Name wird in allen \nGoogle-Diensten verwendet. In manchen F\u00e4llen kann dieser Name auch einen\n anderen Namen ersetzen, den Sie beim Teilen von Inhalten \u00fcber Ihr \nGoogle-Konto verwendet haben. Die Identit\u00e4t Ihres Google-Profils kann \nNutzern angezeigt werden, die Ihre E-Mail-Adresse kennen oder \u00fcber \nandere identifizierende Informationen von Ihnen verf\u00fcgen.<\/p>\n\n\n\n<p><em>Verwendung der erfassten Informationen:<\/em><br>\nNeben den oben erl\u00e4uterten Verwendungszwecken werden die von Ihnen \nbereitgestellten Informationen gem\u00e4\u00df den geltenden \nGoogle-Datenschutzbestimmungen genutzt. Google ver\u00f6ffentlicht \nm\u00f6glicherweise zusammengefasste Statistiken \u00fcber die +1-Aktivit\u00e4ten der \nNutzer bzw. gibt diese an Nutzer und Partner weiter, wie etwa Publisher,\n Inserenten oder verbundene Websites.<\/p>\n\n\n\n<p><strong>Datenschutzerkl\u00e4rung f\u00fcr die Nutzung von Twitter<\/strong><\/p>\n\n\n\n<p>Auf unseren Seiten sind Funktionen des Dienstes Twitter eingebunden. \nDiese Funktionen werden angeboten durch die Twitter Inc., Twitter, Inc. \n1355 Market St, Suite 900, San Francisco, CA 94103, USA. Durch das \nBenutzen von Twitter und der Funktion \u201eRe-Tweet\u201c werden die von Ihnen \nbesuchten Webseiten mit Ihrem Twitter-Account verkn\u00fcpft und anderen \nNutzern bekannt gegeben. Dabei werden auch Daten an Twitter \u00fcbertragen.<\/p>\n\n\n\n<p>Wir weisen darauf hin, dass wir als Anbieter der Seiten keine \nKenntnis vom Inhalt der \u00fcbermittelten Daten sowie deren Nutzung durch \nTwitter erhalten. Weitere Informationen hierzu finden Sie in der \nDatenschutzerkl\u00e4rung von Twitter unter <a href=\"http:\/\/twitter.com\/privacy\" target=\"_blank\" rel=\"noreferrer noopener\">http:\/\/twitter.com\/privacy<\/a>.<\/p>\n\n\n\n<p>Ihre Datenschutzeinstellungen bei Twitter k\u00f6nnen Sie in den Konto-Einstellungen unter <a href=\"http:\/\/twitter.com\/account\/settings\" target=\"_blank\" rel=\"noreferrer noopener\">http:\/\/twitter.com\/account\/settings<\/a> \u00e4ndern.<\/p>\n\n\n\n<p><strong>Auskunft, L\u00f6schung, Sperrung<\/strong><\/p>\n\n\n\n<p>Sie haben jederzeit das Recht auf unentgeltliche Auskunft \u00fcber Ihre \ngespeicherten personenbezogenen Daten, deren Herkunft und Empf\u00e4nger und \nden Zweck der Datenverarbeitung sowie ein Recht auf Berichtigung, \nSperrung oder L\u00f6schung dieser Daten. Hierzu sowie zu weiteren Fragen zum\n Thema personenbezogene Daten k\u00f6nnen Sie sich jederzeit \u00fcber die im \nImpressum angegeben Adresse des Webseitenbetreibers an uns wenden.<\/p>\n","protected":false},"excerpt":{"rendered":"<p>Datenschutz Die Nutzung unserer Webseite ist in der Regel ohne Angabe personenbezogener Daten m\u00f6glich. Soweit&#8230;<\/p>\n","protected":false},"author":1,"featured_media":0,"parent":0,"menu_order":0,"comment_status":"closed","ping_status":"closed","template":"","meta":{"_mi_skip_tracking":false},"_links":{"self":[{"href":"http:\/\/www.royals-baseball.de\/index.php?rest_route=\/wp\/v2\/pages\/2120"}],"collection":[{"href":"http:\/\/www.royals-baseball.de\/index.php?rest_route=\/wp\/v2\/pages"}],"about":[{"href":"http:\/\/www.royals-baseball.de\/index.php?rest_route=\/wp\/v2\/types\/page"}],"author":[{"embeddable":true,"href":"http:\/\/www.royals-baseball.de\/index.php?rest_route=\/wp\/v2\/users\/1"}],"replies":[{"embeddable":true,"href":"http:\/\/www.royals-baseball.de\/index.php?rest_route=%2Fwp%2Fv2%2Fcomments&post=2120"}],"version-history":[{"count":2,"href":"http:\/\/www.royals-baseball.de\/index.php?rest_route=\/wp\/v2\/pages\/2120\/revisions"}],"predecessor-version":[{"id":2122,"href":"http:\/\/www.royals-baseball.de\/index.php?rest_route=\/wp\/v2\/pages\/2120\/revisions\/2122"}],"wp:attachment":[{"href":"http:\/\/www.royals-baseball.de\/index.php?rest_route=%2Fwp%2Fv2%2Fmedia&parent=2120"}],"curies":[{"name":"wp","href":"https:\/\/api.w.org\/{rel}","templated":true}]}}