{"id":1742,"date":"2018-04-20T13:47:10","date_gmt":"2018-04-20T11:47:10","guid":{"rendered":"http:\/\/www.royals-baseball.de\/?page_id=1742"},"modified":"2021-03-23T22:49:18","modified_gmt":"2021-03-23T20:49:18","slug":"soellner-indoorcup","status":"publish","type":"page","link":"http:\/\/www.royals-baseball.de\/?page_id=1742","title":{"rendered":"S\u00f6llner-Indoorcup"},"content":{"rendered":"<p><strong><span style=\"text-decoration: underline; color: #000000;\"><a href=\"https:\/\/youtu.be\/o5Qw0lab5Ck\"><span style=\"color: #000000; text-decoration: underline;\">Was ist der S\u00f6llner-Indoorcup? &#8211; Schau dir das Video an<\/span><\/a><\/span><\/strong><br \/>\n<div style=\"width: 640px;\" class=\"wp-video\"><!--[if lt IE 9]><script>document.createElement('video');<\/script><![endif]-->\n<video class=\"wp-video-shortcode\" id=\"video-1742-1\" width=\"640\" height=\"360\" preload=\"metadata\" controls=\"controls\"><source type=\"video\/mp4\" src=\"http:\/\/www.royals-baseball.de\/wp-content\/uploads\/2018\/04\/Indoorcup-Clip2.mp4?_=1\" \/><a href=\"http:\/\/www.royals-baseball.de\/wp-content\/uploads\/2018\/04\/Indoorcup-Clip2.mp4\">http:\/\/www.royals-baseball.de\/wp-content\/uploads\/2018\/04\/Indoorcup-Clip2.mp4<\/a><\/video><\/div><\/p>\n<p>Der S\u00f6llner-Indoorcup ist eine offene Hallenturnierserie, <a href=\"http:\/\/www.royals-baseball.de\/wp-content\/uploads\/2018\/04\/Indoor2.jpg\"><img loading=\"lazy\" class=\"size-full wp-image-1782 alignright\" alt=\"Indoor2\" src=\"http:\/\/www.royals-baseball.de\/wp-content\/uploads\/2018\/04\/Indoor2.jpg\" width=\"224\" height=\"272\" srcset=\"http:\/\/www.royals-baseball.de\/wp-content\/uploads\/2018\/04\/Indoor2.jpg 1222w, http:\/\/www.royals-baseball.de\/wp-content\/uploads\/2018\/04\/Indoor2-247x300.jpg 247w, http:\/\/www.royals-baseball.de\/wp-content\/uploads\/2018\/04\/Indoor2-844x1024.jpg 844w, http:\/\/www.royals-baseball.de\/wp-content\/uploads\/2018\/04\/Indoor2-900x1091.jpg 900w\" sizes=\"(max-width: 224px) 100vw, 224px\" \/><\/a>die von den Royals ins Leben gerufen wurde und von der Firma S\u00f6llner Logistic finanziell unterst\u00fctzt wird. Bei den 5 bis 6 Turnieren k\u00f6nnen alle Baseball- und Softballteams teilnehmen. Unabh\u00e4ngig davon in welcher Liga und in welchem Landesverband, das Team in der regul\u00e4ren Saison spielt.<\/p>\n<p><a href=\"http:\/\/www.royals-baseball.de\/wp-content\/uploads\/2018\/04\/Indoor-1.jpg\"><img loading=\"lazy\" class=\"alignnone size-full wp-image-1783\" alt=\"Indoor 1\" src=\"http:\/\/www.royals-baseball.de\/wp-content\/uploads\/2018\/04\/Indoor-1.jpg\" width=\"332\" height=\"207\" srcset=\"http:\/\/www.royals-baseball.de\/wp-content\/uploads\/2018\/04\/Indoor-1.jpg 3020w, http:\/\/www.royals-baseball.de\/wp-content\/uploads\/2018\/04\/Indoor-1-300x186.jpg 300w, http:\/\/www.royals-baseball.de\/wp-content\/uploads\/2018\/04\/Indoor-1-1024x637.jpg 1024w, http:\/\/www.royals-baseball.de\/wp-content\/uploads\/2018\/04\/Indoor-1-900x560.jpg 900w\" sizes=\"(max-width: 332px) 100vw, 332px\" \/><\/a><\/p>\n<p>Der S\u00f6llner-Indoorcup hat sich zur gr\u00f6\u00dften Hallenturnierserie in Deutschland entwickelt. Bei den Turnieren nehmen Teams aus sieben Bundesl\u00e4ndern teil. Bei \u00fcber 250 Spielen spielen Teams von den Verbandsligen bis zur 2. Bundesliga mit.<\/p>\n<p>Bei den meisten Turnieren findet parallel auch ein Nachwuchsturnier statt. Bei dem Sch\u00fcler- und Jugendteams auch im Winter viel Spielpraxis sammeln k\u00f6nnen.<a href=\"http:\/\/www.royals-baseball.de\/wp-content\/uploads\/2018\/04\/Indoor3.jpg\"><img loading=\"lazy\" class=\"size-full wp-image-1781 aligncenter\" alt=\"Indoor3\" src=\"http:\/\/www.royals-baseball.de\/wp-content\/uploads\/2018\/04\/Indoor3.jpg\" width=\"356\" height=\"222\" srcset=\"http:\/\/www.royals-baseball.de\/wp-content\/uploads\/2018\/04\/Indoor3.jpg 2553w, http:\/\/www.royals-baseball.de\/wp-content\/uploads\/2018\/04\/Indoor3-300x187.jpg 300w, http:\/\/www.royals-baseball.de\/wp-content\/uploads\/2018\/04\/Indoor3-1024x640.jpg 1024w, http:\/\/www.royals-baseball.de\/wp-content\/uploads\/2018\/04\/Indoor3-900x562.jpg 900w\" sizes=\"(max-width: 356px) 100vw, 356px\" \/><\/a><\/p>\n","protected":false},"excerpt":{"rendered":"<p>Was ist der S\u00f6llner-Indoorcup? &#8211; Schau dir das Video an Der S\u00f6llner-Indoorcup ist eine offene&#8230;<\/p>\n","protected":false},"author":1,"featured_media":0,"parent":0,"menu_order":0,"comment_status":"closed","ping_status":"open","template":"","meta":{"_mi_skip_tracking":false},"_links":{"self":[{"href":"http:\/\/www.royals-baseball.de\/index.php?rest_route=\/wp\/v2\/pages\/1742"}],"collection":[{"href":"http:\/\/www.royals-baseball.de\/index.php?rest_route=\/wp\/v2\/pages"}],"about":[{"href":"http:\/\/www.royals-baseball.de\/index.php?rest_route=\/wp\/v2\/types\/page"}],"author":[{"embeddable":true,"href":"http:\/\/www.royals-baseball.de\/index.php?rest_route=\/wp\/v2\/users\/1"}],"replies":[{"embeddable":true,"href":"http:\/\/www.royals-baseball.de\/index.php?rest_route=%2Fwp%2Fv2%2Fcomments&post=1742"}],"version-history":[{"count":13,"href":"http:\/\/www.royals-baseball.de\/index.php?rest_route=\/wp\/v2\/pages\/1742\/revisions"}],"predecessor-version":[{"id":2735,"href":"http:\/\/www.royals-baseball.de\/index.php?rest_route=\/wp\/v2\/pages\/1742\/revisions\/2735"}],"wp:attachment":[{"href":"http:\/\/www.royals-baseball.de\/index.php?rest_route=%2Fwp%2Fv2%2Fmedia&parent=1742"}],"curies":[{"name":"wp","href":"https:\/\/api.w.org\/{rel}","templated":true}]}}