{"id":1673,"date":"2018-04-11T11:43:43","date_gmt":"2018-04-11T09:43:43","guid":{"rendered":"http:\/\/www.royals-baseball.de\/?page_id=1673"},"modified":"2021-03-23T22:48:56","modified_gmt":"2021-03-23T20:48:56","slug":"indoorcup","status":"publish","type":"page","link":"http:\/\/www.royals-baseball.de\/?page_id=1673","title":{"rendered":"Indoorcup"},"content":{"rendered":"<p><span style=\"text-decoration: underline;\">Infoseite \u00fcber den S\u00d6LLNER-Indoorcup<\/span><br \/>\nDer Hallenbaseball-Serie, die immer zwischen November und M\u00e4rz stattfindet.<br \/>\n<a href=\"http:\/\/www.royals-baseball.de\/wp-content\/uploads\/2018\/04\/KBP_8292bol2_web.jpg\"><img loading=\"lazy\" class=\"alignnone size-full wp-image-1688\" alt=\"KBP_8292bol2_web\" src=\"http:\/\/www.royals-baseball.de\/wp-content\/uploads\/2018\/04\/KBP_8292bol2_web.jpg\" width=\"1600\" height=\"1065\" srcset=\"http:\/\/www.royals-baseball.de\/wp-content\/uploads\/2018\/04\/KBP_8292bol2_web.jpg 1600w, http:\/\/www.royals-baseball.de\/wp-content\/uploads\/2018\/04\/KBP_8292bol2_web-300x199.jpg 300w, http:\/\/www.royals-baseball.de\/wp-content\/uploads\/2018\/04\/KBP_8292bol2_web-1024x681.jpg 1024w, http:\/\/www.royals-baseball.de\/wp-content\/uploads\/2018\/04\/KBP_8292bol2_web-900x599.jpg 900w\" sizes=\"(max-width: 1600px) 100vw, 1600px\" \/><\/a><\/p>\n<p>Wir danken der Firma S\u00f6llner-Logistic f\u00fcr die Unterst\u00fctzung des Indoorcups.<\/p>\n","protected":false},"excerpt":{"rendered":"<p>Infoseite \u00fcber den S\u00d6LLNER-Indoorcup Der Hallenbaseball-Serie, die immer zwischen November und M\u00e4rz stattfindet. Wir danken&#8230;<\/p>\n","protected":false},"author":1,"featured_media":0,"parent":0,"menu_order":0,"comment_status":"closed","ping_status":"open","template":"","meta":{"_mi_skip_tracking":false},"_links":{"self":[{"href":"http:\/\/www.royals-baseball.de\/index.php?rest_route=\/wp\/v2\/pages\/1673"}],"collection":[{"href":"http:\/\/www.royals-baseball.de\/index.php?rest_route=\/wp\/v2\/pages"}],"about":[{"href":"http:\/\/www.royals-baseball.de\/index.php?rest_route=\/wp\/v2\/types\/page"}],"author":[{"embeddable":true,"href":"http:\/\/www.royals-baseball.de\/index.php?rest_route=\/wp\/v2\/users\/1"}],"replies":[{"embeddable":true,"href":"http:\/\/www.royals-baseball.de\/index.php?rest_route=%2Fwp%2Fv2%2Fcomments&post=1673"}],"version-history":[{"count":5,"href":"http:\/\/www.royals-baseball.de\/index.php?rest_route=\/wp\/v2\/pages\/1673\/revisions"}],"predecessor-version":[{"id":2734,"href":"http:\/\/www.royals-baseball.de\/index.php?rest_route=\/wp\/v2\/pages\/1673\/revisions\/2734"}],"wp:attachment":[{"href":"http:\/\/www.royals-baseball.de\/index.php?rest_route=%2Fwp%2Fv2%2Fmedia&parent=1673"}],"curies":[{"name":"wp","href":"https:\/\/api.w.org\/{rel}","templated":true}]}}